{"id":205,"date":"2017-10-29T16:38:22","date_gmt":"2017-10-29T16:38:22","guid":{"rendered":"http:\/\/centredemoviment.com\/?page_id=205"},"modified":"2024-10-21T18:30:33","modified_gmt":"2024-10-21T18:30:33","slug":"inicial","status":"publish","type":"page","link":"https:\/\/centredemoviment.com\/?page_id=205","title":{"rendered":"Beneficis"},"content":{"rendered":"\t\t<div data-elementor-type=\"wp-page\" data-elementor-id=\"205\" class=\"elementor elementor-205\">\n\t\t\t\t<div class=\"elementor-element elementor-element-a41e434 e-flex e-con-boxed e-con e-parent\" data-id=\"a41e434\" data-element_type=\"container\">\n\t\t\t\t\t<div class=\"e-con-inner\">\n\t\t\t\t<div class=\"elementor-element elementor-element-3fe2dd6 elementor-widget-divider--view-line elementor-widget elementor-widget-divider\" data-id=\"3fe2dd6\" data-element_type=\"widget\" data-widget_type=\"divider.default\">\n\t\t\t\t<div class=\"elementor-widget-container\">\n\t\t\t\t\t\t\t<div class=\"elementor-divider\">\n\t\t\t<span class=\"elementor-divider-separator\">\n\t\t\t\t\t\t<\/span>\n\t\t<\/div>\n\t\t\t\t\t\t<\/div>\n\t\t\t\t<\/div>\n\t\t\t\t\t<\/div>\n\t\t\t\t<\/div>\n\t\t\t\t<section class=\"elementor-section elementor-top-section elementor-element elementor-element-8exlp0o elementor-section-boxed elementor-section-height-default elementor-section-height-default\" data-id=\"8exlp0o\" data-element_type=\"section\">\n\t\t\t\t\t\t<div class=\"elementor-container elementor-column-gap-default\">\n\t\t\t\t\t<div class=\"elementor-column elementor-col-100 elementor-top-column elementor-element elementor-element-n54uxxm\" data-id=\"n54uxxm\" data-element_type=\"column\">\n\t\t\t<div class=\"elementor-widget-wrap elementor-element-populated\">\n\t\t\t\t\t\t<div class=\"elementor-element elementor-element-v3dwluf elementor-widget elementor-widget-image\" data-id=\"v3dwluf\" data-element_type=\"widget\" data-widget_type=\"image.default\">\n\t\t\t\t<div class=\"elementor-widget-container\">\n\t\t\t\t\t\t\t\t\t\t\t\t\t\t\t<img decoding=\"async\" src=\"https:\/\/centredemoviment.com\/wp-content\/uploads\/2017\/09\/Identidad-de-marca.jpg\" title=\"\" alt=\"\" loading=\"lazy\" \/>\t\t\t\t\t\t\t\t\t\t\t\t\t\t\t<\/div>\n\t\t\t\t<\/div>\n\t\t\t\t<div class=\"elementor-element elementor-element-b3996d6 elementor-widget elementor-widget-image\" data-id=\"b3996d6\" data-element_type=\"widget\" data-widget_type=\"image.default\">\n\t\t\t\t<div class=\"elementor-widget-container\">\n\t\t\t\t\t\t\t\t\t\t\t\t<figure class=\"wp-caption\">\n\t\t\t\t\t\t\t\t\t\t<img fetchpriority=\"high\" decoding=\"async\" width=\"1024\" height=\"1024\" src=\"https:\/\/centredemoviment.com\/wp-content\/uploads\/2024\/10\/6565-1024x1024.jpg\" class=\"attachment-large size-large wp-image-668\" alt=\"\" srcset=\"https:\/\/centredemoviment.com\/wp-content\/uploads\/2024\/10\/6565-1024x1024.jpg 1024w, https:\/\/centredemoviment.com\/wp-content\/uploads\/2024\/10\/6565-300x300.jpg 300w, https:\/\/centredemoviment.com\/wp-content\/uploads\/2024\/10\/6565-150x150.jpg 150w, https:\/\/centredemoviment.com\/wp-content\/uploads\/2024\/10\/6565-768x768.jpg 768w, https:\/\/centredemoviment.com\/wp-content\/uploads\/2024\/10\/6565-1536x1536.jpg 1536w, https:\/\/centredemoviment.com\/wp-content\/uploads\/2024\/10\/6565-2048x2048.jpg 2048w\" sizes=\"(max-width: 1024px) 100vw, 1024px\" \/>\t\t\t\t\t\t\t\t\t\t\t<figcaption class=\"widget-image-caption wp-caption-text\">\"Descobreix els beneficis del moviment per a la teva salut i benestar al Centre de Moviment.\"<\/figcaption>\n\t\t\t\t\t\t\t\t\t\t<\/figure>\n\t\t\t\t\t\t\t\t\t<\/div>\n\t\t\t\t<\/div>\n\t\t\t\t<div class=\"elementor-element elementor-element-93b2e4a elementor-widget-divider--view-line elementor-widget elementor-widget-divider\" data-id=\"93b2e4a\" data-element_type=\"widget\" data-widget_type=\"divider.default\">\n\t\t\t\t<div class=\"elementor-widget-container\">\n\t\t\t\t\t\t\t<div class=\"elementor-divider\">\n\t\t\t<span class=\"elementor-divider-separator\">\n\t\t\t\t\t\t<\/span>\n\t\t<\/div>\n\t\t\t\t\t\t<\/div>\n\t\t\t\t<\/div>\n\t\t\t\t\t<\/div>\n\t\t<\/div>\n\t\t\t\t\t<\/div>\n\t\t<\/section>\n\t\t<div class=\"elementor-element elementor-element-7fc3d2c e-flex e-con-boxed e-con e-parent\" data-id=\"7fc3d2c\" data-element_type=\"container\">\n\t\t\t\t\t<div class=\"e-con-inner\">\n\t\t\t\t<div class=\"elementor-element elementor-element-61c3352 elementor-widget elementor-widget-text-editor\" data-id=\"61c3352\" data-element_type=\"widget\" data-widget_type=\"text-editor.default\">\n\t\t\t\t<div class=\"elementor-widget-container\">\n\t\t\t\t\t\t\t\t\t<h2 style=\"text-align: center;\">Gr\u00e0cies al m\u00e8tode Gyrotonic obtindr\u00e0s excel\u00b7lents beneficis pel teu benestar, millorant la teva qualitat de vida i forma f\u00edsica\u2026<\/h2>\t\t\t\t\t\t\t\t<\/div>\n\t\t\t\t<\/div>\n\t\t\t\t\t<\/div>\n\t\t\t\t<\/div>\n\t\t<div class=\"elementor-element elementor-element-a96b215 e-flex e-con-boxed e-con e-parent\" data-id=\"a96b215\" data-element_type=\"container\">\n\t\t\t\t\t<div class=\"e-con-inner\">\n\t\t\t\t<div class=\"elementor-element elementor-element-79f6e1e elementor-widget-divider--view-line elementor-widget elementor-widget-divider\" data-id=\"79f6e1e\" data-element_type=\"widget\" data-widget_type=\"divider.default\">\n\t\t\t\t<div class=\"elementor-widget-container\">\n\t\t\t\t\t\t\t<div class=\"elementor-divider\">\n\t\t\t<span class=\"elementor-divider-separator\">\n\t\t\t\t\t\t<\/span>\n\t\t<\/div>\n\t\t\t\t\t\t<\/div>\n\t\t\t\t<\/div>\n\t\t\t\t\t<\/div>\n\t\t\t\t<\/div>\n\t\t<div class=\"elementor-element elementor-element-44e6b41 e-flex e-con-boxed e-con e-parent\" data-id=\"44e6b41\" data-element_type=\"container\">\n\t\t\t\t\t<div class=\"e-con-inner\">\n\t\t\t\t<div class=\"elementor-element elementor-element-a4c691a elementor-widget elementor-widget-text-editor\" data-id=\"a4c691a\" data-element_type=\"widget\" data-widget_type=\"text-editor.default\">\n\t\t\t\t<div class=\"elementor-widget-container\">\n\t\t\t\t\t\t\t\t\t<ul><li><h4><em>Enfortiment de la columna vertebral i disminuci\u00f3 del dolor d\u2019esquena<\/em><\/h4><\/li><li><h4><em>Articulacions m\u00e9s flexibles, fortes i m\u00f2bils<\/em><\/h4><\/li><li><h4><em>Tonificaci\u00f3 muscular<\/em><\/h4><\/li><li><h4><em>Increment de la densitat i resist\u00e8ncia dels ossos<\/em><\/h4><\/li><li><h4><em>Millora de la circulaci\u00f3 sangu\u00ednia<\/em><\/h4><\/li><li><h4><em>Millora de la postura i de la consci\u00e8ncia corporal<\/em><\/h4><\/li><li><h4><em>Defineix i estilitza la silueta<\/em><\/h4><\/li><li><h4><em>Prevenci\u00f3 i disminuci\u00f3 dels riscos de lesions<\/em><\/h4><\/li><li><h4><em>Increment de la capacitat de concentraci\u00f3 i coordinaci\u00f3<\/em><\/h4><\/li><li><h4><em>Reducci\u00f3 de la tensi\u00f3 del cos<\/em><\/h4><\/li><li><h4><em>Revitalitzaci\u00f3 de l\u2019energia natural del cos<\/em><\/h4><\/li><\/ul>\t\t\t\t\t\t\t\t<\/div>\n\t\t\t\t<\/div>\n\t\t\t\t<div class=\"elementor-element elementor-element-674a8f7 elementor-widget-divider--view-line elementor-widget elementor-widget-divider\" data-id=\"674a8f7\" data-element_type=\"widget\" data-widget_type=\"divider.default\">\n\t\t\t\t<div class=\"elementor-widget-container\">\n\t\t\t\t\t\t\t<div class=\"elementor-divider\">\n\t\t\t<span class=\"elementor-divider-separator\">\n\t\t\t\t\t\t<\/span>\n\t\t<\/div>\n\t\t\t\t\t\t<\/div>\n\t\t\t\t<\/div>\n\t\t\t\t<div class=\"elementor-element elementor-element-931ddae elementor-widget elementor-widget-text-editor\" data-id=\"931ddae\" data-element_type=\"widget\" data-widget_type=\"text-editor.default\">\n\t\t\t\t<div class=\"elementor-widget-container\">\n\t\t\t\t\t\t\t\t\t<h4 style=\"text-align: center;\">Les sessions s\u00f3n adaptables a les necessitats i objectius de totes les edats i capacitats (joves, tercera edat, ballarins, atletes, embarassades, post part, persones que es recuperen d\u2019una malaltia o lesi\u00f3\u2026).<\/h4><h4 style=\"text-align: center;\">Recomanat per metges, fisioterapeutes i oste\u00f2pates pel tractament i prevenci\u00f3 de lesions(lumb\u00e0lgies, hernies, escoliosis, lesions esportives, problemes articulars a genolls, espatlles, maluc,\u2026)<\/h4><h4 style=\"text-align: center;\">Tamb\u00e9 recomanat a pacients amb problemes de Osteoporosis i Fibromi\u00e0lgia.<\/h4>\t\t\t\t\t\t\t\t<\/div>\n\t\t\t\t<\/div>\n\t\t\t\t<div class=\"elementor-element elementor-element-f67f3c1 elementor-widget-divider--view-line elementor-widget elementor-widget-divider\" data-id=\"f67f3c1\" data-element_type=\"widget\" data-widget_type=\"divider.default\">\n\t\t\t\t<div class=\"elementor-widget-container\">\n\t\t\t\t\t\t\t<div class=\"elementor-divider\">\n\t\t\t<span class=\"elementor-divider-separator\">\n\t\t\t\t\t\t<\/span>\n\t\t<\/div>\n\t\t\t\t\t\t<\/div>\n\t\t\t\t<\/div>\n\t\t\t\t\t<\/div>\n\t\t\t\t<\/div>\n\t\t\t\t<\/div>\n\t\t","protected":false},"excerpt":{"rendered":"<p>\u00abDescobreix els beneficis del moviment per a la teva salut i benestar al Centre de Moviment.\u00bb Gr\u00e0cies al m\u00e8tode Gyrotonic [&hellip;]<\/p>\n","protected":false},"author":1,"featured_media":0,"parent":0,"menu_order":0,"comment_status":"closed","ping_status":"closed","template":"","meta":{"site-sidebar-layout":"default","site-content-layout":"","ast-site-content-layout":"default","site-content-style":"default","site-sidebar-style":"default","ast-global-header-display":"","ast-banner-title-visibility":"","ast-main-header-display":"","ast-hfb-above-header-display":"","ast-hfb-below-header-display":"","ast-hfb-mobile-header-display":"","site-post-title":"","ast-breadcrumbs-content":"","ast-featured-img":"","footer-sml-layout":"","ast-disable-related-posts":"","theme-transparent-header-meta":"","adv-header-id-meta":"","stick-header-meta":"","header-above-stick-meta":"","header-main-stick-meta":"","header-below-stick-meta":"","astra-migrate-meta-layouts":"default","ast-page-background-enabled":"default","ast-page-background-meta":{"desktop":{"background-color":"var(--ast-global-color-4)","background-image":"","background-repeat":"repeat","background-position":"center center","background-size":"auto","background-attachment":"scroll","background-type":"","background-media":"","overlay-type":"","overlay-color":"","overlay-opacity":"","overlay-gradient":""},"tablet":{"background-color":"","background-image":"","background-repeat":"repeat","background-position":"center center","background-size":"auto","background-attachment":"scroll","background-type":"","background-media":"","overlay-type":"","overlay-color":"","overlay-opacity":"","overlay-gradient":""},"mobile":{"background-color":"","background-image":"","background-repeat":"repeat","background-position":"center center","background-size":"auto","background-attachment":"scroll","background-type":"","background-media":"","overlay-type":"","overlay-color":"","overlay-opacity":"","overlay-gradient":""}},"ast-content-background-meta":{"desktop":{"background-color":"var(--ast-global-color-5)","background-image":"","background-repeat":"repeat","background-position":"center center","background-size":"auto","background-attachment":"scroll","background-type":"","background-media":"","overlay-type":"","overlay-color":"","overlay-opacity":"","overlay-gradient":""},"tablet":{"background-color":"var(--ast-global-color-5)","background-image":"","background-repeat":"repeat","background-position":"center center","background-size":"auto","background-attachment":"scroll","background-type":"","background-media":"","overlay-type":"","overlay-color":"","overlay-opacity":"","overlay-gradient":""},"mobile":{"background-color":"var(--ast-global-color-5)","background-image":"","background-repeat":"repeat","background-position":"center center","background-size":"auto","background-attachment":"scroll","background-type":"","background-media":"","overlay-type":"","overlay-color":"","overlay-opacity":"","overlay-gradient":""}},"footnotes":""},"class_list":["post-205","page","type-page","status-publish","hentry"],"yoast_head":"<!-- This site is optimized with the Yoast SEO plugin v26.7 - https:\/\/yoast.com\/wordpress\/plugins\/seo\/ -->\n<title>Beneficis - Centre de Moviment Gemma Andreu<\/title>\n<meta name=\"robots\" content=\"index, follow, max-snippet:-1, max-image-preview:large, max-video-preview:-1\" \/>\n<link rel=\"canonical\" href=\"https:\/\/centredemoviment.com\/?page_id=205\" \/>\n<meta property=\"og:locale\" content=\"es_ES\" \/>\n<meta property=\"og:type\" content=\"article\" \/>\n<meta property=\"og:title\" content=\"Beneficis - Centre de Moviment Gemma Andreu\" \/>\n<meta property=\"og:description\" content=\"\u00abDescobreix els beneficis del moviment per a la teva salut i benestar al Centre de Moviment.\u00bb Gr\u00e0cies al m\u00e8tode Gyrotonic [&hellip;]\" \/>\n<meta property=\"og:url\" content=\"https:\/\/centredemoviment.com\/?page_id=205\" \/>\n<meta property=\"og:site_name\" content=\"Centre de Moviment Gemma Andreu\" \/>\n<meta property=\"article:modified_time\" content=\"2024-10-21T18:30:33+00:00\" \/>\n<meta property=\"og:image\" content=\"http:\/\/centredemoviment.com\/wp-content\/uploads\/2017\/09\/Identidad-de-marca.jpg\" \/>\n<meta name=\"twitter:card\" content=\"summary_large_image\" \/>\n<meta name=\"twitter:label1\" content=\"Tiempo de lectura\" \/>\n\t<meta name=\"twitter:data1\" content=\"1 minuto\" \/>\n<script type=\"application\/ld+json\" class=\"yoast-schema-graph\">{\"@context\":\"https:\/\/schema.org\",\"@graph\":[{\"@type\":\"WebPage\",\"@id\":\"https:\/\/centredemoviment.com\/?page_id=205\",\"url\":\"https:\/\/centredemoviment.com\/?page_id=205\",\"name\":\"Beneficis - Centre de Moviment Gemma Andreu\",\"isPartOf\":{\"@id\":\"https:\/\/centredemoviment.com\/#website\"},\"primaryImageOfPage\":{\"@id\":\"https:\/\/centredemoviment.com\/?page_id=205#primaryimage\"},\"image\":{\"@id\":\"https:\/\/centredemoviment.com\/?page_id=205#primaryimage\"},\"thumbnailUrl\":\"http:\/\/centredemoviment.com\/wp-content\/uploads\/2017\/09\/Identidad-de-marca.jpg\",\"datePublished\":\"2017-10-29T16:38:22+00:00\",\"dateModified\":\"2024-10-21T18:30:33+00:00\",\"breadcrumb\":{\"@id\":\"https:\/\/centredemoviment.com\/?page_id=205#breadcrumb\"},\"inLanguage\":\"es\",\"potentialAction\":[{\"@type\":\"ReadAction\",\"target\":[\"https:\/\/centredemoviment.com\/?page_id=205\"]}]},{\"@type\":\"ImageObject\",\"inLanguage\":\"es\",\"@id\":\"https:\/\/centredemoviment.com\/?page_id=205#primaryimage\",\"url\":\"http:\/\/centredemoviment.com\/wp-content\/uploads\/2017\/09\/Identidad-de-marca.jpg\",\"contentUrl\":\"http:\/\/centredemoviment.com\/wp-content\/uploads\/2017\/09\/Identidad-de-marca.jpg\"},{\"@type\":\"BreadcrumbList\",\"@id\":\"https:\/\/centredemoviment.com\/?page_id=205#breadcrumb\",\"itemListElement\":[{\"@type\":\"ListItem\",\"position\":1,\"name\":\"Portada\",\"item\":\"https:\/\/centredemoviment.com\/\"},{\"@type\":\"ListItem\",\"position\":2,\"name\":\"Beneficis\"}]},{\"@type\":\"WebSite\",\"@id\":\"https:\/\/centredemoviment.com\/#website\",\"url\":\"https:\/\/centredemoviment.com\/\",\"name\":\"Centre de Moviment Gemma Andreu\",\"description\":\"Gyrotonic Tarragona\",\"publisher\":{\"@id\":\"https:\/\/centredemoviment.com\/#organization\"},\"potentialAction\":[{\"@type\":\"SearchAction\",\"target\":{\"@type\":\"EntryPoint\",\"urlTemplate\":\"https:\/\/centredemoviment.com\/?s={search_term_string}\"},\"query-input\":{\"@type\":\"PropertyValueSpecification\",\"valueRequired\":true,\"valueName\":\"search_term_string\"}}],\"inLanguage\":\"es\"},{\"@type\":\"Organization\",\"@id\":\"https:\/\/centredemoviment.com\/#organization\",\"name\":\"Centre de Moviment Gemma Andreu\",\"url\":\"https:\/\/centredemoviment.com\/\",\"logo\":{\"@type\":\"ImageObject\",\"inLanguage\":\"es\",\"@id\":\"https:\/\/centredemoviment.com\/#\/schema\/logo\/image\/\",\"url\":\"https:\/\/centredemoviment.com\/wp-content\/uploads\/2024\/10\/logoblanco.jpg\",\"contentUrl\":\"https:\/\/centredemoviment.com\/wp-content\/uploads\/2024\/10\/logoblanco.jpg\",\"width\":258,\"height\":251,\"caption\":\"Centre de Moviment Gemma Andreu\"},\"image\":{\"@id\":\"https:\/\/centredemoviment.com\/#\/schema\/logo\/image\/\"},\"sameAs\":[\"https:\/\/www.instagram.com\/centredemoviment_gemmandreu\/\"]}]}<\/script>\n<!-- \/ Yoast SEO plugin. -->","yoast_head_json":{"title":"Beneficis - Centre de Moviment Gemma Andreu","robots":{"index":"index","follow":"follow","max-snippet":"max-snippet:-1","max-image-preview":"max-image-preview:large","max-video-preview":"max-video-preview:-1"},"canonical":"https:\/\/centredemoviment.com\/?page_id=205","og_locale":"es_ES","og_type":"article","og_title":"Beneficis - Centre de Moviment Gemma Andreu","og_description":"\u00abDescobreix els beneficis del moviment per a la teva salut i benestar al Centre de Moviment.\u00bb Gr\u00e0cies al m\u00e8tode Gyrotonic [&hellip;]","og_url":"https:\/\/centredemoviment.com\/?page_id=205","og_site_name":"Centre de Moviment Gemma Andreu","article_modified_time":"2024-10-21T18:30:33+00:00","og_image":[{"url":"http:\/\/centredemoviment.com\/wp-content\/uploads\/2017\/09\/Identidad-de-marca.jpg","type":"","width":"","height":""}],"twitter_card":"summary_large_image","twitter_misc":{"Tiempo de lectura":"1 minuto"},"schema":{"@context":"https:\/\/schema.org","@graph":[{"@type":"WebPage","@id":"https:\/\/centredemoviment.com\/?page_id=205","url":"https:\/\/centredemoviment.com\/?page_id=205","name":"Beneficis - Centre de Moviment Gemma Andreu","isPartOf":{"@id":"https:\/\/centredemoviment.com\/#website"},"primaryImageOfPage":{"@id":"https:\/\/centredemoviment.com\/?page_id=205#primaryimage"},"image":{"@id":"https:\/\/centredemoviment.com\/?page_id=205#primaryimage"},"thumbnailUrl":"http:\/\/centredemoviment.com\/wp-content\/uploads\/2017\/09\/Identidad-de-marca.jpg","datePublished":"2017-10-29T16:38:22+00:00","dateModified":"2024-10-21T18:30:33+00:00","breadcrumb":{"@id":"https:\/\/centredemoviment.com\/?page_id=205#breadcrumb"},"inLanguage":"es","potentialAction":[{"@type":"ReadAction","target":["https:\/\/centredemoviment.com\/?page_id=205"]}]},{"@type":"ImageObject","inLanguage":"es","@id":"https:\/\/centredemoviment.com\/?page_id=205#primaryimage","url":"http:\/\/centredemoviment.com\/wp-content\/uploads\/2017\/09\/Identidad-de-marca.jpg","contentUrl":"http:\/\/centredemoviment.com\/wp-content\/uploads\/2017\/09\/Identidad-de-marca.jpg"},{"@type":"BreadcrumbList","@id":"https:\/\/centredemoviment.com\/?page_id=205#breadcrumb","itemListElement":[{"@type":"ListItem","position":1,"name":"Portada","item":"https:\/\/centredemoviment.com\/"},{"@type":"ListItem","position":2,"name":"Beneficis"}]},{"@type":"WebSite","@id":"https:\/\/centredemoviment.com\/#website","url":"https:\/\/centredemoviment.com\/","name":"Centre de Moviment Gemma Andreu","description":"Gyrotonic Tarragona","publisher":{"@id":"https:\/\/centredemoviment.com\/#organization"},"potentialAction":[{"@type":"SearchAction","target":{"@type":"EntryPoint","urlTemplate":"https:\/\/centredemoviment.com\/?s={search_term_string}"},"query-input":{"@type":"PropertyValueSpecification","valueRequired":true,"valueName":"search_term_string"}}],"inLanguage":"es"},{"@type":"Organization","@id":"https:\/\/centredemoviment.com\/#organization","name":"Centre de Moviment Gemma Andreu","url":"https:\/\/centredemoviment.com\/","logo":{"@type":"ImageObject","inLanguage":"es","@id":"https:\/\/centredemoviment.com\/#\/schema\/logo\/image\/","url":"https:\/\/centredemoviment.com\/wp-content\/uploads\/2024\/10\/logoblanco.jpg","contentUrl":"https:\/\/centredemoviment.com\/wp-content\/uploads\/2024\/10\/logoblanco.jpg","width":258,"height":251,"caption":"Centre de Moviment Gemma Andreu"},"image":{"@id":"https:\/\/centredemoviment.com\/#\/schema\/logo\/image\/"},"sameAs":["https:\/\/www.instagram.com\/centredemoviment_gemmandreu\/"]}]}},"_links":{"self":[{"href":"https:\/\/centredemoviment.com\/index.php?rest_route=\/wp\/v2\/pages\/205","targetHints":{"allow":["GET"]}}],"collection":[{"href":"https:\/\/centredemoviment.com\/index.php?rest_route=\/wp\/v2\/pages"}],"about":[{"href":"https:\/\/centredemoviment.com\/index.php?rest_route=\/wp\/v2\/types\/page"}],"author":[{"embeddable":true,"href":"https:\/\/centredemoviment.com\/index.php?rest_route=\/wp\/v2\/users\/1"}],"replies":[{"embeddable":true,"href":"https:\/\/centredemoviment.com\/index.php?rest_route=%2Fwp%2Fv2%2Fcomments&post=205"}],"version-history":[{"count":42,"href":"https:\/\/centredemoviment.com\/index.php?rest_route=\/wp\/v2\/pages\/205\/revisions"}],"predecessor-version":[{"id":800,"href":"https:\/\/centredemoviment.com\/index.php?rest_route=\/wp\/v2\/pages\/205\/revisions\/800"}],"wp:attachment":[{"href":"https:\/\/centredemoviment.com\/index.php?rest_route=%2Fwp%2Fv2%2Fmedia&parent=205"}],"curies":[{"name":"wp","href":"https:\/\/api.w.org\/{rel}","templated":true}]}}