{"id":621,"date":"2024-10-15T15:26:50","date_gmt":"2024-10-15T15:26:50","guid":{"rendered":"https:\/\/centredemoviment.com\/?page_id=621"},"modified":"2024-11-27T23:08:17","modified_gmt":"2024-11-27T23:08:17","slug":"el-centre","status":"publish","type":"page","link":"https:\/\/centredemoviment.com\/?page_id=621","title":{"rendered":"El Centre"},"content":{"rendered":"\t\t<div data-elementor-type=\"wp-page\" data-elementor-id=\"621\" class=\"elementor elementor-621\">\n\t\t\t\t<div class=\"elementor-element elementor-element-1c50f10 e-flex e-con-boxed e-con e-parent\" data-id=\"1c50f10\" data-element_type=\"container\">\n\t\t\t\t\t<div class=\"e-con-inner\">\n\t\t\t\t<div class=\"elementor-element elementor-element-5ee5690 elementor-widget-divider--view-line elementor-widget elementor-widget-divider\" data-id=\"5ee5690\" data-element_type=\"widget\" data-widget_type=\"divider.default\">\n\t\t\t\t<div class=\"elementor-widget-container\">\n\t\t\t\t\t\t\t<div class=\"elementor-divider\">\n\t\t\t<span class=\"elementor-divider-separator\">\n\t\t\t\t\t\t<\/span>\n\t\t<\/div>\n\t\t\t\t\t\t<\/div>\n\t\t\t\t<\/div>\n\t\t\t\t\t<\/div>\n\t\t\t\t<\/div>\n\t\t<div class=\"elementor-element elementor-element-3a2f269 e-flex e-con-boxed e-con e-parent\" data-id=\"3a2f269\" data-element_type=\"container\">\n\t\t\t\t\t<div class=\"e-con-inner\">\n\t\t\t\t<div class=\"elementor-element elementor-element-6c3cce9 elementor-widget elementor-widget-image\" data-id=\"6c3cce9\" data-element_type=\"widget\" data-widget_type=\"image.default\">\n\t\t\t\t<div class=\"elementor-widget-container\">\n\t\t\t\t\t\t\t\t\t\t\t\t<figure class=\"wp-caption\">\n\t\t\t\t\t\t\t\t\t\t<img fetchpriority=\"high\" decoding=\"async\" width=\"1024\" height=\"1024\" src=\"https:\/\/centredemoviment.com\/wp-content\/uploads\/2024\/10\/Carlota1-1536x1536-1-1024x1024.jpg\" class=\"attachment-large size-large wp-image-703\" alt=\"\" srcset=\"https:\/\/centredemoviment.com\/wp-content\/uploads\/2024\/10\/Carlota1-1536x1536-1-1024x1024.jpg 1024w, https:\/\/centredemoviment.com\/wp-content\/uploads\/2024\/10\/Carlota1-1536x1536-1-300x300.jpg 300w, https:\/\/centredemoviment.com\/wp-content\/uploads\/2024\/10\/Carlota1-1536x1536-1-150x150.jpg 150w, https:\/\/centredemoviment.com\/wp-content\/uploads\/2024\/10\/Carlota1-1536x1536-1-768x768.jpg 768w, https:\/\/centredemoviment.com\/wp-content\/uploads\/2024\/10\/Carlota1-1536x1536-1.jpg 1536w\" sizes=\"(max-width: 1024px) 100vw, 1024px\" \/>\t\t\t\t\t\t\t\t\t\t\t<figcaption class=\"widget-image-caption wp-caption-text\">\"Descobreix El Centre: un espai dedicat al moviment, la salut i el benestar a Tarragona\"<\/figcaption>\n\t\t\t\t\t\t\t\t\t\t<\/figure>\n\t\t\t\t\t\t\t\t\t<\/div>\n\t\t\t\t<\/div>\n\t\t\t\t<div class=\"elementor-element elementor-element-559f54d elementor-widget-divider--view-line elementor-widget elementor-widget-divider\" data-id=\"559f54d\" data-element_type=\"widget\" data-widget_type=\"divider.default\">\n\t\t\t\t<div class=\"elementor-widget-container\">\n\t\t\t\t\t\t\t<div class=\"elementor-divider\">\n\t\t\t<span class=\"elementor-divider-separator\">\n\t\t\t\t\t\t<\/span>\n\t\t<\/div>\n\t\t\t\t\t\t<\/div>\n\t\t\t\t<\/div>\n\t\t\t\t<div class=\"elementor-element elementor-element-93eb9b6 elementor-widget elementor-widget-text-editor\" data-id=\"93eb9b6\" data-element_type=\"widget\" data-widget_type=\"text-editor.default\">\n\t\t\t\t<div class=\"elementor-widget-container\">\n\t\t\t\t\t\t\t\t\t<h5><strong>Al\u00a0Centre de Moviment Gemma Andreu, oferim un espai especialitzat on podr\u00e0s gaudir dels beneficis d\u2019un sistema de moviment \u00fanic i innovador. Mitjan\u00e7ant el m\u00e8tode Gyrotonic, combinem elements del ioga, la gimn\u00e0stica, la dansa, la nataci\u00f3 i el tai-txi per treballar el cos de manera fluida i tridimensional. Els moviments circulars i en espiral que utilitzem respecten l\u2019estructura natural del cos, millorant la seva mobilitat, flexibilitat i for\u00e7a sense causar impacte.<\/strong><\/h5>\t\t\t\t\t\t\t\t<\/div>\n\t\t\t\t<\/div>\n\t\t\t\t<div class=\"elementor-element elementor-element-1b31eb9 elementor-widget-divider--view-line elementor-widget elementor-widget-divider\" data-id=\"1b31eb9\" data-element_type=\"widget\" data-widget_type=\"divider.default\">\n\t\t\t\t<div class=\"elementor-widget-container\">\n\t\t\t\t\t\t\t<div class=\"elementor-divider\">\n\t\t\t<span class=\"elementor-divider-separator\">\n\t\t\t\t\t\t<\/span>\n\t\t<\/div>\n\t\t\t\t\t\t<\/div>\n\t\t\t\t<\/div>\n\t\t\t\t<div class=\"elementor-element elementor-element-0c4279a elementor-widget elementor-widget-text-editor\" data-id=\"0c4279a\" data-element_type=\"widget\" data-widget_type=\"text-editor.default\">\n\t\t\t\t<div class=\"elementor-widget-container\">\n\t\t\t\t\t\t\t\t\t<div><h6><strong style=\"font-size: 1.2em;\">Els nostres instructors certificats t\u2019acompanyaran en tot moment, oferint una atenci\u00f3 personalitzada i adaptant cada sessi\u00f3 a les teves necessitats individuals. Ja sigui per millorar la flexibilitat, augmentar la for\u00e7a, reduir tensions o simplement aconseguir una millor connexi\u00f3 amb el teu cos, el nostre enfocament integral del benestar t\u2019ajudar\u00e0 a aconseguir els teus objectius.<\/strong><\/h6><\/div>\t\t\t\t\t\t\t\t<\/div>\n\t\t\t\t<\/div>\n\t\t\t\t<div class=\"elementor-element elementor-element-20475e7 elementor-widget-divider--view-line elementor-widget elementor-widget-divider\" data-id=\"20475e7\" data-element_type=\"widget\" data-widget_type=\"divider.default\">\n\t\t\t\t<div class=\"elementor-widget-container\">\n\t\t\t\t\t\t\t<div class=\"elementor-divider\">\n\t\t\t<span class=\"elementor-divider-separator\">\n\t\t\t\t\t\t<\/span>\n\t\t<\/div>\n\t\t\t\t\t\t<\/div>\n\t\t\t\t<\/div>\n\t\t\t\t<div class=\"elementor-element elementor-element-95470c7 elementor-widget elementor-widget-text-editor\" data-id=\"95470c7\" data-element_type=\"widget\" data-widget_type=\"text-editor.default\">\n\t\t\t\t<div class=\"elementor-widget-container\">\n\t\t\t\t\t\t\t\t\t<h5><strong>En un ambient tranquil i acollidor, ens centrem en el teu benestar integral, creant una experi\u00e8ncia personalitzada i conscient que et permetr\u00e0 millorar la teva qualitat de vida. El nostre enfocament integral del moviment et donar\u00e0 l\u2019equilibri cos-ment necessari per afrontar el dia a dia amb m\u00e9s energia, harmonia i benestar.<\/strong><\/h5>\t\t\t\t\t\t\t\t<\/div>\n\t\t\t\t<\/div>\n\t\t\t\t\t<\/div>\n\t\t\t\t<\/div>\n\t\t<div class=\"elementor-element elementor-element-b07dda0 e-grid e-con-boxed e-con e-parent\" data-id=\"b07dda0\" data-element_type=\"container\">\n\t\t\t\t\t<div class=\"e-con-inner\">\n\t\t\t\t<div class=\"elementor-element elementor-element-2782e03 elementor-widget-divider--view-line elementor-widget elementor-widget-divider\" data-id=\"2782e03\" data-element_type=\"widget\" data-widget_type=\"divider.default\">\n\t\t\t\t<div class=\"elementor-widget-container\">\n\t\t\t\t\t\t\t<div class=\"elementor-divider\">\n\t\t\t<span class=\"elementor-divider-separator\">\n\t\t\t\t\t\t<\/span>\n\t\t<\/div>\n\t\t\t\t\t\t<\/div>\n\t\t\t\t<\/div>\n\t\t\t\t\t<\/div>\n\t\t\t\t<\/div>\n\t\t\t\t<\/div>\n\t\t","protected":false},"excerpt":{"rendered":"<p>\u00abDescobreix El Centre: un espai dedicat al moviment, la salut i el benestar a Tarragona\u00bb Al\u00a0Centre de Moviment Gemma Andreu, [&hellip;]<\/p>\n","protected":false},"author":1,"featured_media":0,"parent":0,"menu_order":0,"comment_status":"closed","ping_status":"closed","template":"","meta":{"site-sidebar-layout":"no-sidebar","site-content-layout":"","ast-site-content-layout":"full-width-container","site-content-style":"default","site-sidebar-style":"default","ast-global-header-display":"","ast-banner-title-visibility":"","ast-main-header-display":"","ast-hfb-above-header-display":"","ast-hfb-below-header-display":"","ast-hfb-mobile-header-display":"","site-post-title":"disabled","ast-breadcrumbs-content":"","ast-featured-img":"disabled","footer-sml-layout":"","ast-disable-related-posts":"","theme-transparent-header-meta":"","adv-header-id-meta":"","stick-header-meta":"","header-above-stick-meta":"","header-main-stick-meta":"","header-below-stick-meta":"","astra-migrate-meta-layouts":"default","ast-page-background-enabled":"default","ast-page-background-meta":{"desktop":{"background-color":"var(--ast-global-color-4)","background-image":"","background-repeat":"repeat","background-position":"center center","background-size":"auto","background-attachment":"scroll","background-type":"","background-media":"","overlay-type":"","overlay-color":"","overlay-opacity":"","overlay-gradient":""},"tablet":{"background-color":"","background-image":"","background-repeat":"repeat","background-position":"center center","background-size":"auto","background-attachment":"scroll","background-type":"","background-media":"","overlay-type":"","overlay-color":"","overlay-opacity":"","overlay-gradient":""},"mobile":{"background-color":"","background-image":"","background-repeat":"repeat","background-position":"center center","background-size":"auto","background-attachment":"scroll","background-type":"","background-media":"","overlay-type":"","overlay-color":"","overlay-opacity":"","overlay-gradient":""}},"ast-content-background-meta":{"desktop":{"background-color":"var(--ast-global-color-5)","background-image":"","background-repeat":"repeat","background-position":"center center","background-size":"auto","background-attachment":"scroll","background-type":"","background-media":"","overlay-type":"","overlay-color":"","overlay-opacity":"","overlay-gradient":""},"tablet":{"background-color":"var(--ast-global-color-5)","background-image":"","background-repeat":"repeat","background-position":"center center","background-size":"auto","background-attachment":"scroll","background-type":"","background-media":"","overlay-type":"","overlay-color":"","overlay-opacity":"","overlay-gradient":""},"mobile":{"background-color":"var(--ast-global-color-5)","background-image":"","background-repeat":"repeat","background-position":"center center","background-size":"auto","background-attachment":"scroll","background-type":"","background-media":"","overlay-type":"","overlay-color":"","overlay-opacity":"","overlay-gradient":""}},"footnotes":""},"class_list":["post-621","page","type-page","status-publish","hentry"],"yoast_head":"<!-- This site is optimized with the Yoast SEO plugin v26.7 - https:\/\/yoast.com\/wordpress\/plugins\/seo\/ -->\n<title>El Centre - Centre de Moviment Gemma Andreu<\/title>\n<meta name=\"robots\" content=\"index, follow, max-snippet:-1, max-image-preview:large, max-video-preview:-1\" \/>\n<link rel=\"canonical\" href=\"https:\/\/centredemoviment.com\/?page_id=621\" \/>\n<meta property=\"og:locale\" content=\"es_ES\" \/>\n<meta property=\"og:type\" content=\"article\" \/>\n<meta property=\"og:title\" content=\"El Centre - Centre de Moviment Gemma Andreu\" \/>\n<meta property=\"og:description\" content=\"\u00abDescobreix El Centre: un espai dedicat al moviment, la salut i el benestar a Tarragona\u00bb Al\u00a0Centre de Moviment Gemma Andreu, [&hellip;]\" \/>\n<meta property=\"og:url\" content=\"https:\/\/centredemoviment.com\/?page_id=621\" \/>\n<meta property=\"og:site_name\" content=\"Centre de Moviment Gemma Andreu\" \/>\n<meta property=\"article:modified_time\" content=\"2024-11-27T23:08:17+00:00\" \/>\n<meta property=\"og:image\" content=\"https:\/\/centredemoviment.com\/wp-content\/uploads\/2024\/10\/Carlota1-1536x1536-1.jpg\" \/>\n\t<meta property=\"og:image:width\" content=\"1536\" \/>\n\t<meta property=\"og:image:height\" content=\"1536\" \/>\n\t<meta property=\"og:image:type\" content=\"image\/jpeg\" \/>\n<meta name=\"twitter:card\" content=\"summary_large_image\" \/>\n<meta name=\"twitter:label1\" content=\"Tiempo de lectura\" \/>\n\t<meta name=\"twitter:data1\" content=\"1 minuto\" \/>\n<script type=\"application\/ld+json\" class=\"yoast-schema-graph\">{\"@context\":\"https:\/\/schema.org\",\"@graph\":[{\"@type\":\"WebPage\",\"@id\":\"https:\/\/centredemoviment.com\/?page_id=621\",\"url\":\"https:\/\/centredemoviment.com\/?page_id=621\",\"name\":\"El Centre - Centre de Moviment Gemma Andreu\",\"isPartOf\":{\"@id\":\"https:\/\/centredemoviment.com\/#website\"},\"primaryImageOfPage\":{\"@id\":\"https:\/\/centredemoviment.com\/?page_id=621#primaryimage\"},\"image\":{\"@id\":\"https:\/\/centredemoviment.com\/?page_id=621#primaryimage\"},\"thumbnailUrl\":\"https:\/\/centredemoviment.com\/wp-content\/uploads\/2024\/10\/Carlota1-1536x1536-1-1024x1024.jpg\",\"datePublished\":\"2024-10-15T15:26:50+00:00\",\"dateModified\":\"2024-11-27T23:08:17+00:00\",\"breadcrumb\":{\"@id\":\"https:\/\/centredemoviment.com\/?page_id=621#breadcrumb\"},\"inLanguage\":\"es\",\"potentialAction\":[{\"@type\":\"ReadAction\",\"target\":[\"https:\/\/centredemoviment.com\/?page_id=621\"]}]},{\"@type\":\"ImageObject\",\"inLanguage\":\"es\",\"@id\":\"https:\/\/centredemoviment.com\/?page_id=621#primaryimage\",\"url\":\"https:\/\/centredemoviment.com\/wp-content\/uploads\/2024\/10\/Carlota1-1536x1536-1.jpg\",\"contentUrl\":\"https:\/\/centredemoviment.com\/wp-content\/uploads\/2024\/10\/Carlota1-1536x1536-1.jpg\",\"width\":1536,\"height\":1536},{\"@type\":\"BreadcrumbList\",\"@id\":\"https:\/\/centredemoviment.com\/?page_id=621#breadcrumb\",\"itemListElement\":[{\"@type\":\"ListItem\",\"position\":1,\"name\":\"Portada\",\"item\":\"https:\/\/centredemoviment.com\/\"},{\"@type\":\"ListItem\",\"position\":2,\"name\":\"El Centre\"}]},{\"@type\":\"WebSite\",\"@id\":\"https:\/\/centredemoviment.com\/#website\",\"url\":\"https:\/\/centredemoviment.com\/\",\"name\":\"Centre de Moviment Gemma Andreu\",\"description\":\"Gyrotonic Tarragona\",\"publisher\":{\"@id\":\"https:\/\/centredemoviment.com\/#organization\"},\"potentialAction\":[{\"@type\":\"SearchAction\",\"target\":{\"@type\":\"EntryPoint\",\"urlTemplate\":\"https:\/\/centredemoviment.com\/?s={search_term_string}\"},\"query-input\":{\"@type\":\"PropertyValueSpecification\",\"valueRequired\":true,\"valueName\":\"search_term_string\"}}],\"inLanguage\":\"es\"},{\"@type\":\"Organization\",\"@id\":\"https:\/\/centredemoviment.com\/#organization\",\"name\":\"Centre de Moviment Gemma Andreu\",\"url\":\"https:\/\/centredemoviment.com\/\",\"logo\":{\"@type\":\"ImageObject\",\"inLanguage\":\"es\",\"@id\":\"https:\/\/centredemoviment.com\/#\/schema\/logo\/image\/\",\"url\":\"https:\/\/centredemoviment.com\/wp-content\/uploads\/2024\/10\/logoblanco.jpg\",\"contentUrl\":\"https:\/\/centredemoviment.com\/wp-content\/uploads\/2024\/10\/logoblanco.jpg\",\"width\":258,\"height\":251,\"caption\":\"Centre de Moviment Gemma Andreu\"},\"image\":{\"@id\":\"https:\/\/centredemoviment.com\/#\/schema\/logo\/image\/\"},\"sameAs\":[\"https:\/\/www.instagram.com\/centredemoviment_gemmandreu\/\"]}]}<\/script>\n<!-- \/ Yoast SEO plugin. -->","yoast_head_json":{"title":"El Centre - Centre de Moviment Gemma Andreu","robots":{"index":"index","follow":"follow","max-snippet":"max-snippet:-1","max-image-preview":"max-image-preview:large","max-video-preview":"max-video-preview:-1"},"canonical":"https:\/\/centredemoviment.com\/?page_id=621","og_locale":"es_ES","og_type":"article","og_title":"El Centre - Centre de Moviment Gemma Andreu","og_description":"\u00abDescobreix El Centre: un espai dedicat al moviment, la salut i el benestar a Tarragona\u00bb Al\u00a0Centre de Moviment Gemma Andreu, [&hellip;]","og_url":"https:\/\/centredemoviment.com\/?page_id=621","og_site_name":"Centre de Moviment Gemma Andreu","article_modified_time":"2024-11-27T23:08:17+00:00","og_image":[{"width":1536,"height":1536,"url":"https:\/\/centredemoviment.com\/wp-content\/uploads\/2024\/10\/Carlota1-1536x1536-1.jpg","type":"image\/jpeg"}],"twitter_card":"summary_large_image","twitter_misc":{"Tiempo de lectura":"1 minuto"},"schema":{"@context":"https:\/\/schema.org","@graph":[{"@type":"WebPage","@id":"https:\/\/centredemoviment.com\/?page_id=621","url":"https:\/\/centredemoviment.com\/?page_id=621","name":"El Centre - Centre de Moviment Gemma Andreu","isPartOf":{"@id":"https:\/\/centredemoviment.com\/#website"},"primaryImageOfPage":{"@id":"https:\/\/centredemoviment.com\/?page_id=621#primaryimage"},"image":{"@id":"https:\/\/centredemoviment.com\/?page_id=621#primaryimage"},"thumbnailUrl":"https:\/\/centredemoviment.com\/wp-content\/uploads\/2024\/10\/Carlota1-1536x1536-1-1024x1024.jpg","datePublished":"2024-10-15T15:26:50+00:00","dateModified":"2024-11-27T23:08:17+00:00","breadcrumb":{"@id":"https:\/\/centredemoviment.com\/?page_id=621#breadcrumb"},"inLanguage":"es","potentialAction":[{"@type":"ReadAction","target":["https:\/\/centredemoviment.com\/?page_id=621"]}]},{"@type":"ImageObject","inLanguage":"es","@id":"https:\/\/centredemoviment.com\/?page_id=621#primaryimage","url":"https:\/\/centredemoviment.com\/wp-content\/uploads\/2024\/10\/Carlota1-1536x1536-1.jpg","contentUrl":"https:\/\/centredemoviment.com\/wp-content\/uploads\/2024\/10\/Carlota1-1536x1536-1.jpg","width":1536,"height":1536},{"@type":"BreadcrumbList","@id":"https:\/\/centredemoviment.com\/?page_id=621#breadcrumb","itemListElement":[{"@type":"ListItem","position":1,"name":"Portada","item":"https:\/\/centredemoviment.com\/"},{"@type":"ListItem","position":2,"name":"El Centre"}]},{"@type":"WebSite","@id":"https:\/\/centredemoviment.com\/#website","url":"https:\/\/centredemoviment.com\/","name":"Centre de Moviment Gemma Andreu","description":"Gyrotonic Tarragona","publisher":{"@id":"https:\/\/centredemoviment.com\/#organization"},"potentialAction":[{"@type":"SearchAction","target":{"@type":"EntryPoint","urlTemplate":"https:\/\/centredemoviment.com\/?s={search_term_string}"},"query-input":{"@type":"PropertyValueSpecification","valueRequired":true,"valueName":"search_term_string"}}],"inLanguage":"es"},{"@type":"Organization","@id":"https:\/\/centredemoviment.com\/#organization","name":"Centre de Moviment Gemma Andreu","url":"https:\/\/centredemoviment.com\/","logo":{"@type":"ImageObject","inLanguage":"es","@id":"https:\/\/centredemoviment.com\/#\/schema\/logo\/image\/","url":"https:\/\/centredemoviment.com\/wp-content\/uploads\/2024\/10\/logoblanco.jpg","contentUrl":"https:\/\/centredemoviment.com\/wp-content\/uploads\/2024\/10\/logoblanco.jpg","width":258,"height":251,"caption":"Centre de Moviment Gemma Andreu"},"image":{"@id":"https:\/\/centredemoviment.com\/#\/schema\/logo\/image\/"},"sameAs":["https:\/\/www.instagram.com\/centredemoviment_gemmandreu\/"]}]}},"_links":{"self":[{"href":"https:\/\/centredemoviment.com\/index.php?rest_route=\/wp\/v2\/pages\/621","targetHints":{"allow":["GET"]}}],"collection":[{"href":"https:\/\/centredemoviment.com\/index.php?rest_route=\/wp\/v2\/pages"}],"about":[{"href":"https:\/\/centredemoviment.com\/index.php?rest_route=\/wp\/v2\/types\/page"}],"author":[{"embeddable":true,"href":"https:\/\/centredemoviment.com\/index.php?rest_route=\/wp\/v2\/users\/1"}],"replies":[{"embeddable":true,"href":"https:\/\/centredemoviment.com\/index.php?rest_route=%2Fwp%2Fv2%2Fcomments&post=621"}],"version-history":[{"count":50,"href":"https:\/\/centredemoviment.com\/index.php?rest_route=\/wp\/v2\/pages\/621\/revisions"}],"predecessor-version":[{"id":859,"href":"https:\/\/centredemoviment.com\/index.php?rest_route=\/wp\/v2\/pages\/621\/revisions\/859"}],"wp:attachment":[{"href":"https:\/\/centredemoviment.com\/index.php?rest_route=%2Fwp%2Fv2%2Fmedia&parent=621"}],"curies":[{"name":"wp","href":"https:\/\/api.w.org\/{rel}","templated":true}]}}